{"id":6781,"date":"2023-03-17T09:02:48","date_gmt":"2023-03-17T08:02:48","guid":{"rendered":"https:\/\/www.automanoku.al\/product\/kondesator-kale\/"},"modified":"2023-07-01T18:08:11","modified_gmt":"2023-07-01T16:08:11","slug":"kondesator-kale","status":"publish","type":"product","link":"https:\/\/www.automanoku.al\/en\/product\/kondesator-kale\/","title":{"rendered":"Kale Condesator"},"content":{"rendered":"<p>Kondensuesi i cili \u00ebsht\u00eb pjes\u00eb e sistemit t\u00eb ajrit t\u00eb kondicionuar t\u00eb automjetit \u00ebsht\u00eb nj\u00eb shk\u00ebmbyes nxeht\u00ebsie i cili konverton l\u00ebngun m\u00eb t\u00eb ftoht\u00eb nga forma gazi n\u00eb form\u00eb t\u00eb l\u00ebngshme. Ndodhet n\u00eb pjes\u00ebn e p\u00ebrparme t\u00eb automjetit n\u00eb modulin e ftohjes s\u00eb plot\u00eb me ftoh\u00ebsit e tjer\u00eb. \u00cbsht\u00eb e nevojshme q\u00eb kondensuesi t\u00eb ftohet me aj\u00ebr ventilatori p\u00ebr shkak t\u00eb kondensimit t\u00eb k\u00ebrkuar q\u00eb rezulton nga shp\u00ebrndarja e nxeht\u00ebsis\u00eb nga l\u00ebngu ftoh\u00ebs n\u00eb sistemin e ajrit t\u00eb kondicionuar. L\u00ebngu ftoh\u00ebs me presion dhe nxeht\u00ebsi t\u00eb rritur pasi kompresohet nga kompresori n\u00eb sistem transmetohet n\u00eb kondensator. Gazi ftoh\u00ebs kondensohet duke transmetuar nxeht\u00ebsin\u00eb e tij jasht\u00eb n\u00eb radiator i cili p\u00ebrb\u00ebhet nga tubat e nxjerrjes dhe fins n\u00eb kondensator dhe ai del nga kondensuesi n\u00eb faz\u00ebn e l\u00ebngshme.<\/p>\n","protected":false},"excerpt":{"rendered":"<p>Kondensuesi i cili \u00ebsht\u00eb pjes\u00eb e sistemit t\u00eb ajrit t\u00eb kondicionuar t\u00eb automjetit \u00ebsht\u00eb nj\u00eb shk\u00ebmbyes nxeht\u00ebsie i cili konverton l\u00ebngun m\u00eb t\u00eb ftoht\u00eb nga forma gazi n\u00eb form\u00eb t\u00eb l\u00ebngshme. Ndodhet n\u00eb pjes\u00ebn e p\u00ebrparme t\u00eb automjetit n\u00eb modulin e ftohjes s\u00eb plot\u00eb me ftoh\u00ebsit e tjer\u00eb. \u00cbsht\u00eb e nevojshme q\u00eb kondensuesi t\u00eb ftohet [&hellip;]<\/p>\n","protected":false},"featured_media":6581,"template":"","meta":[],"product_brand":[],"product_cat":[324],"product_tag":[330],"class_list":{"0":"post-6781","1":"product","2":"type-product","3":"status-publish","4":"has-post-thumbnail","6":"product_cat-s-ftohje-en","7":"product_tag-kondesator-en","8":"ts_product_brand-kale-en","10":"first","11":"instock","12":"shipping-taxable","13":"product-type-simple"},"_links":{"self":[{"href":"https:\/\/www.automanoku.al\/en\/wp-json\/wp\/v2\/product\/6781","targetHints":{"allow":["GET"]}}],"collection":[{"href":"https:\/\/www.automanoku.al\/en\/wp-json\/wp\/v2\/product"}],"about":[{"href":"https:\/\/www.automanoku.al\/en\/wp-json\/wp\/v2\/types\/product"}],"wp:featuredmedia":[{"embeddable":true,"href":"https:\/\/www.automanoku.al\/en\/wp-json\/wp\/v2\/media\/6581"}],"wp:attachment":[{"href":"https:\/\/www.automanoku.al\/en\/wp-json\/wp\/v2\/media?parent=6781"}],"wp:term":[{"taxonomy":"product_brand","embeddable":true,"href":"https:\/\/www.automanoku.al\/en\/wp-json\/wp\/v2\/product_brand?post=6781"},{"taxonomy":"product_cat","embeddable":true,"href":"https:\/\/www.automanoku.al\/en\/wp-json\/wp\/v2\/product_cat?post=6781"},{"taxonomy":"product_tag","embeddable":true,"href":"https:\/\/www.automanoku.al\/en\/wp-json\/wp\/v2\/product_tag?post=6781"}],"curies":[{"name":"wp","href":"https:\/\/api.w.org\/{rel}","templated":true}]}}