{"id":6818,"date":"2023-03-15T21:25:00","date_gmt":"2023-03-15T20:25:00","guid":{"rendered":"https:\/\/www.automanoku.al\/product\/cepa-frenash\/"},"modified":"2023-07-01T17:45:57","modified_gmt":"2023-07-01T15:45:57","slug":"cepa-frenash","status":"publish","type":"product","link":"https:\/\/www.automanoku.al\/en\/product\/cepa-frenash\/","title":{"rendered":"Brake Shoes"},"content":{"rendered":"<p><img fetchpriority=\"high\" decoding=\"async\" class=\"size-medium wp-image-5950 alignleft\" src=\"https:\/\/www.automanoku.al\/wp-content\/uploads\/2023\/03\/logo_ate-300x195.png\" alt=\"\" width=\"300\" height=\"195\" srcset=\"https:\/\/www.automanoku.al\/wp-content\/uploads\/2023\/03\/logo_ate-300x195.png 300w, https:\/\/www.automanoku.al\/wp-content\/uploads\/2023\/03\/logo_ate.png 329w\" sizes=\"(max-width: 300px) 100vw, 300px\" \/>I mbrojtur n\u00eb m\u00ebnyr\u00eb perfekte fal\u00eb veshjes me pluhur<br \/>\nPranimi q\u00eb produktet me \u00e7mim t\u00eb ul\u00ebt kan\u00eb standarde t\u00eb ul\u00ebta cil\u00ebsie nuk \u00ebsht\u00eb m\u00ebnyra se si ne i b\u00ebjm\u00eb gj\u00ebrat n\u00eb ATE. Edhe cepat ATE t\u00eb frenave t\u00eb tambuave jan\u00eb t\u00eb veshura me pluhur<\/p>\n<p>Shtresa e sip\u00ebrme e cepave t\u00eb frenave<br \/>\nCepat\u00a0 e frenave duhet t\u00eb jen\u00eb t\u00eb forta &#8211; dhe veshja me pluhur i b\u00ebn produktet tona edhe m\u00eb rezistente ndaj korrozionit.<\/p>\n<p>Cil\u00ebsi e past\u00ebr, pa boshll\u00ebqe<br \/>\nNe nuk i l\u00ebm\u00eb asgj\u00eb rast\u00ebsis\u00eb, duke arritur nj\u00eb nivel ve\u00e7an\u00ebrisht t\u00eb lart\u00eb t\u00eb forc\u00ebs prer\u00ebse fal\u00eb nyjeve ngjit\u00ebse t\u00eb mbyllura dhe materialit t\u00eb mbules\u00ebs q\u00eb \u00ebsht\u00eb ngjitur n\u00eb t\u00eb gjith\u00eb sip\u00ebrfaqen e tij \u2013 dhe as ndryshku nuk mund t\u00eb ndikoj\u00eb.<\/p>\n<p>Testi yn\u00eb me sp\u00ebrkatje me krip\u00eb tregon se sa rezistente jan\u00eb Cepat e frenave t\u00eb tamburit ATE kund\u00ebr korrozionit!<\/p>\n<p>Fuqia e plot\u00eb menj\u00ebher\u00eb nga fikur<br \/>\nMb\u00ebrthimi i cepave t\u00eb frenave &#8211; hera e par\u00eb q\u00eb aplikohen, menj\u00ebher\u00eb nga fikur. Kjo p\u00ebr shkak se ato jan\u00eb me rreze dhe jan\u00eb p\u00ebrshtatur n\u00eb m\u00ebnyr\u00eb t\u00eb p\u00ebrkryer me frenat tona t\u00eb tamburit.<\/p>\n<p>Karakteristikat dhe p\u00ebrfitimet<br \/>\nRritja e mbrojtjes nga ndryshku fal\u00eb veshjes me pluhur<br \/>\nPerformanc\u00eb optimale edhe p\u00ebr frenimin<br \/>\nGjithashtu disponohet edhe kompleti i instalimit<br \/>\nT\u00eb dh\u00ebnat teknike<br \/>\nE miratuar nga ECE R90<br \/>\nRezistenc\u00eb m\u00eb e lart\u00eb e prerjes s\u00eb veshjes fal\u00eb lidhjes ngjit\u00ebse n\u00eb sip\u00ebrfaqe t\u00eb plot\u00eb<\/p>\n","protected":false},"excerpt":{"rendered":"<p>I mbrojtur n\u00eb m\u00ebnyr\u00eb perfekte fal\u00eb veshjes me pluhur Pranimi q\u00eb produktet me \u00e7mim t\u00eb ul\u00ebt kan\u00eb standarde t\u00eb ul\u00ebta cil\u00ebsie nuk \u00ebsht\u00eb m\u00ebnyra se si ne i b\u00ebjm\u00eb gj\u00ebrat n\u00eb ATE. Edhe cepat ATE t\u00eb frenave t\u00eb tambuave jan\u00eb t\u00eb veshura me pluhur Shtresa e sip\u00ebrme e cepave t\u00eb frenave Cepat\u00a0 e frenave duhet [&hellip;]<\/p>\n","protected":false},"featured_media":6470,"template":"","meta":[],"product_brand":[],"product_cat":[347],"product_tag":[350],"class_list":{"0":"post-6818","1":"product","2":"type-product","3":"status-publish","4":"has-post-thumbnail","6":"product_cat-s-frenimi-en","7":"product_tag-cepa-frenash-en","8":"ts_product_brand-ate-en","10":"first","11":"instock","12":"shipping-taxable","13":"product-type-simple"},"_links":{"self":[{"href":"https:\/\/www.automanoku.al\/en\/wp-json\/wp\/v2\/product\/6818","targetHints":{"allow":["GET"]}}],"collection":[{"href":"https:\/\/www.automanoku.al\/en\/wp-json\/wp\/v2\/product"}],"about":[{"href":"https:\/\/www.automanoku.al\/en\/wp-json\/wp\/v2\/types\/product"}],"wp:featuredmedia":[{"embeddable":true,"href":"https:\/\/www.automanoku.al\/en\/wp-json\/wp\/v2\/media\/6470"}],"wp:attachment":[{"href":"https:\/\/www.automanoku.al\/en\/wp-json\/wp\/v2\/media?parent=6818"}],"wp:term":[{"taxonomy":"product_brand","embeddable":true,"href":"https:\/\/www.automanoku.al\/en\/wp-json\/wp\/v2\/product_brand?post=6818"},{"taxonomy":"product_cat","embeddable":true,"href":"https:\/\/www.automanoku.al\/en\/wp-json\/wp\/v2\/product_cat?post=6818"},{"taxonomy":"product_tag","embeddable":true,"href":"https:\/\/www.automanoku.al\/en\/wp-json\/wp\/v2\/product_tag?post=6818"}],"curies":[{"name":"wp","href":"https:\/\/api.w.org\/{rel}","templated":true}]}}